{"id":17140,"date":"2023-02-08T14:29:20","date_gmt":"2023-02-08T13:29:20","guid":{"rendered":"https:\/\/owczarskiartur.pl\/prelekcje-na-zamowienie\/"},"modified":"2024-11-30T09:14:03","modified_gmt":"2024-11-30T08:14:03","slug":"prelekcje-na-zamowienie","status":"publish","type":"page","link":"https:\/\/owczarskiartur.pl\/en\/prelekcje-na-zamowienie\/","title":{"rendered":"Travel presentations"},"content":{"rendered":"<div class=\"wpb-content-wrapper\"><p>[vc_row][vc_column][vc_column_text css=&#8221;&#8221;]<\/p>\n<p style=\"text-align: left;\">I give travel presentations at major events, such as travel festivals, author meetings in libraries, and cultural centers. I enjoy sharing stories about Louisiana, Texas, Route 66, or more specific topics, such as the town of Bandera\u2014the Cowboy Capital of the World\u2014or the lives of hunters in the Louisiana swamps. I can prepare a variety of presentations based on the knowledge and photographic material gathered while researching and writing my books.<\/p>\n<p style=\"text-align: left;\">Feel free to get in touch!<\/p>\n<p>[\/vc_column_text][\/vc_column][\/vc_row][vc_row][vc_column]<div id=\"ultimate-heading-201669f23683a149b\" class=\"uvc-heading ult-adjust-bottom-margin ultimate-heading-201669f23683a149b uvc-8014  uvc-heading-default-font-sizes\" data-hspacer=\"no_spacer\"  data-halign=\"center\" style=\"text-align:center\"><div class=\"uvc-heading-spacer no_spacer\" style=\"top\"><\/div><div class=\"uvc-main-heading ult-responsive\"  data-ultimate-target='.uvc-heading.ultimate-heading-201669f23683a149b h2'  data-responsive-json-new='{\"font-size\":\"\",\"line-height\":\"\"}' ><h2 style=\"--font-weight:theme;\">Mountain Literature Festival in Cracow<\/h2><\/div><div class=\"uvc-sub-heading ult-responsive\"  data-ultimate-target='.uvc-heading.ultimate-heading-201669f23683a149b .uvc-sub-heading '  data-responsive-json-new='{\"font-size\":\"\",\"line-height\":\"\"}'  style=\"font-weight:normal;\"><\/p>\n<p style=\"text-align: left;\"><strong>The Mountain and Travel Literature Festival<\/strong> features numerous lectures, meetings, and workshops. It\u2019s an excellent opportunity to meet authors of mountain bestsellers, Himalayan climbers, mountaineers, travelers, mountain experts, and vibrant personalities from the extraordinary world of mountains and travel.<\/p>\n<p style=\"text-align: left;\">The event is held during the International Book Fair in Krak\u00f3w, which attracts tens of thousands of visitors each year. During the festival, attendees can purchase books by the speakers and other notable figures from the world of travel and extreme sports.<\/p>\n<p><\/div><\/div>[vc_video link=&#8221;https:\/\/youtu.be\/rU3RE1ZQd9M&#8221;][\/vc_column][\/vc_row][vc_row][vc_column]<div id=\"ultimate-heading-669469f23683a1512\" class=\"uvc-heading ult-adjust-bottom-margin ultimate-heading-669469f23683a1512 uvc-8070  uvc-heading-default-font-sizes\" data-hspacer=\"no_spacer\"  data-halign=\"center\" style=\"text-align:center\"><div class=\"uvc-heading-spacer no_spacer\" style=\"top\"><\/div><div class=\"uvc-main-heading ult-responsive\"  data-ultimate-target='.uvc-heading.ultimate-heading-669469f23683a1512 h2'  data-responsive-json-new='{\"font-size\":\"\",\"line-height\":\"\"}' ><h2 style=\"--font-weight:theme;\">The Power of Dreams Festival<\/h2><\/div><div class=\"uvc-sub-heading ult-responsive\"  data-ultimate-target='.uvc-heading.ultimate-heading-669469f23683a1512 .uvc-sub-heading '  data-responsive-json-new='{\"font-size\":\"\",\"line-height\":\"\"}'  style=\"font-weight:normal;\"><\/p>\n<p style=\"text-align: left;\"><strong>The Power of Dreams Festival<\/strong> is a recurring event held for several years at the Ursyn\u00f3w Cultural Center. The founder and organizer of the festival is Mi\u0142ka Raulin, a traveler and conqueror of the Seven Summits.<\/p>\n<p style=\"text-align: left;\">Over the years, the festival has attracted thousands of attendees who have had the opportunity to hear stories from renowned Polish travelers, writers, documentary filmmakers, and athletes. Each year, the event serves as an epicenter of positive energy, adventure, and shared passion.<\/p>\n<p style=\"text-align: left;\">I had the honor of participating as a speaker in the fourth edition of the festival in 2022.<\/p>\n<p><\/div><\/div>[vc_column_text][\/vc_column_text][vc_column_text]<\/p>\n\n\t\t\t<style type='text\/css'>\n\t\t\t\t#gallery-1 {\n\t\t\t\t\tmargin: auto;\n\t\t\t\t}\n\t\t\t\t#gallery-1 .gallery-item {\n\t\t\t\t\tfloat: left;\n\t\t\t\t\tmargin-top: 10px;\n\t\t\t\t\ttext-align: center;\n\t\t\t\t\twidth: 33%;\n\t\t\t\t}\n\t\t\t\t#gallery-1 img {\n\t\t\t\t\tborder: 2px solid #cfcfcf;\n\t\t\t\t}\n\t\t\t\t#gallery-1 .gallery-caption {\n\t\t\t\t\tmargin-left: 0;\n\t\t\t\t}\n\t\t\t\t\/* see gallery_shortcode() in wp-includes\/media.php *\/\n\t\t\t<\/style>\n\t\t<div id='gallery-1' class='dt-gallery-container gallery galleryid-17140 gallery-columns-3 gallery-size-thumbnail'><dl class='gallery-item'>\n\t\t\t\t<dt class='gallery-icon portrait'>\n\t\t\t\t\t<a class=\"rollover\" href='https:\/\/owczarskiartur.pl\/en\/prelekcje-na-zamowienie\/0fe74016-b78c-4ca0-8a62-51df6d1e3a34-2\/'><img loading=\"lazy\" decoding=\"async\" width=\"150\" height=\"150\" src=\"https:\/\/owczarskiartur.pl\/wp-content\/uploads\/2023\/02\/0fe74016-b78c-4ca0-8a62-51df6d1e3a34-150x150.jpg\" class=\"attachment-thumbnail size-thumbnail\" alt=\"\" \/><\/a>\n\t\t\t\t<\/dt><\/dl><dl class='gallery-item'>\n\t\t\t\t<dt class='gallery-icon portrait'>\n\t\t\t\t\t<a class=\"rollover\" href='https:\/\/owczarskiartur.pl\/en\/prelekcje-na-zamowienie\/7f54575b-455f-4d22-ab2b-d6d5c80172cb-2\/'><img loading=\"lazy\" decoding=\"async\" width=\"150\" height=\"150\" src=\"https:\/\/owczarskiartur.pl\/wp-content\/uploads\/2023\/02\/7F54575B-455F-4D22-AB2B-D6D5C80172CB-150x150.jpg\" class=\"attachment-thumbnail size-thumbnail\" alt=\"\" \/><\/a>\n\t\t\t\t<\/dt><\/dl><dl class='gallery-item'>\n\t\t\t\t<dt class='gallery-icon portrait'>\n\t\t\t\t\t<a class=\"rollover\" href='https:\/\/owczarskiartur.pl\/en\/prelekcje-na-zamowienie\/27ae8dc5-941a-42f6-908e-c58ac33560b1-2\/'><img loading=\"lazy\" decoding=\"async\" width=\"150\" height=\"150\" src=\"https:\/\/owczarskiartur.pl\/wp-content\/uploads\/2023\/02\/27ae8dc5-941a-42f6-908e-c58ac33560b1-150x150.jpg\" class=\"attachment-thumbnail size-thumbnail\" alt=\"\" \/><\/a>\n\t\t\t\t<\/dt><\/dl><br style=\"clear: both\" \/><dl class='gallery-item'>\n\t\t\t\t<dt class='gallery-icon portrait'>\n\t\t\t\t\t<a class=\"rollover\" href='https:\/\/owczarskiartur.pl\/en\/prelekcje-na-zamowienie\/ff7d0674-3d18-43d2-b6a4-d070e9360dfc-2\/'><img loading=\"lazy\" decoding=\"async\" width=\"150\" height=\"150\" src=\"https:\/\/owczarskiartur.pl\/wp-content\/uploads\/2023\/02\/FF7D0674-3D18-43D2-B6A4-D070E9360DFC-150x150.jpg\" class=\"attachment-thumbnail size-thumbnail\" alt=\"\" \/><\/a>\n\t\t\t\t<\/dt><\/dl><dl class='gallery-item'>\n\t\t\t\t<dt class='gallery-icon portrait'>\n\t\t\t\t\t<a class=\"rollover\" href='https:\/\/owczarskiartur.pl\/en\/prelekcje-na-zamowienie\/img_6762-2\/'><img loading=\"lazy\" decoding=\"async\" width=\"150\" height=\"150\" src=\"https:\/\/owczarskiartur.pl\/wp-content\/uploads\/2023\/02\/IMG_6762-150x150.jpg\" class=\"attachment-thumbnail size-thumbnail\" alt=\"\" \/><\/a>\n\t\t\t\t<\/dt><\/dl><dl class='gallery-item'>\n\t\t\t\t<dt class='gallery-icon portrait'>\n\t\t\t\t\t<a class=\"rollover\" href='https:\/\/owczarskiartur.pl\/en\/prelekcje-na-zamowienie\/prelegenci-960x1200-2\/'><img loading=\"lazy\" decoding=\"async\" width=\"150\" height=\"150\" src=\"https:\/\/owczarskiartur.pl\/wp-content\/uploads\/2023\/02\/Prelegenci-960x1200-1-150x150.png\" class=\"attachment-thumbnail size-thumbnail\" alt=\"\" \/><\/a>\n\t\t\t\t<\/dt><\/dl><br style=\"clear: both\" \/>\n\t\t\t<\/div>\n\n<p>&nbsp;<\/p>\n<p><center><br \/>\n<div style=\"width: 640px;\" class=\"wp-video\"><video class=\"wp-video-shortcode\" id=\"video-17140-1\" width=\"640\" height=\"288\" preload=\"metadata\" controls=\"controls\"><source type=\"video\/mp4\" src=\"http:\/\/owczarskiartur.pl\/wp-content\/uploads\/2023\/02\/ed12a052-a327-40c2-8c2e-2f84925587f5.mp4?_=1\" \/><a href=\"http:\/\/owczarskiartur.pl\/wp-content\/uploads\/2023\/02\/ed12a052-a327-40c2-8c2e-2f84925587f5.mp4\">http:\/\/owczarskiartur.pl\/wp-content\/uploads\/2023\/02\/ed12a052-a327-40c2-8c2e-2f84925587f5.mp4<\/a><\/video><\/div>\n<p>&nbsp;<\/p>\n<p>&nbsp;<\/p>\n<p>&nbsp;<\/p>\n<p>&nbsp;<\/p>\n<p>&nbsp;<\/p>\n<p>&nbsp;<\/p>\n<p>&nbsp;<\/p>\n<p>&nbsp;<\/p>\n<p>&nbsp;<\/p>\n<p>&nbsp;<\/p>\n<p>&nbsp;<\/p>\n<p>&nbsp;<\/p>\n<p>&nbsp;<\/p>\n<p>&nbsp;<\/p>\n<p>&nbsp;<\/p>\n<p>&nbsp;<\/p>\n<p>&nbsp;<\/p>\n<p><\/center>[\/vc_column_text][\/vc_column][\/vc_row][vc_row][vc_column]<div id=\"ultimate-heading-60869f23683a4181\" class=\"uvc-heading ult-adjust-bottom-margin ultimate-heading-60869f23683a4181 uvc-5415  uvc-heading-default-font-sizes\" data-hspacer=\"no_spacer\"  data-halign=\"center\" style=\"text-align:center\"><div class=\"uvc-heading-spacer no_spacer\" style=\"top\"><\/div><div class=\"uvc-main-heading ult-responsive\"  data-ultimate-target='.uvc-heading.ultimate-heading-60869f23683a4181 h2'  data-responsive-json-new='{\"font-size\":\"\",\"line-height\":\"\"}' ><h2 style=\"--font-weight:theme;\">Radzy\u0144 Meetings with Travelers<\/h2><\/div><div class=\"uvc-sub-heading ult-responsive\"  data-ultimate-target='.uvc-heading.ultimate-heading-60869f23683a4181 .uvc-sub-heading '  data-responsive-json-new='{\"font-size\":\"\",\"line-height\":\"\"}'  style=\"font-weight:normal;\"><\/p>\n<p style=\"text-align: left;\"><strong>The Radzy\u0144 Meetings with Travelers<\/strong> is a joint initiative by the Radzy\u0144 Association &#8220;Podr\u00f3\u017cnik,&#8221; the Radzy\u0144 Cultural Center, and the PTTK No. 21 School Tourism Club at the First High School in Radzy\u0144 Podlaski. Since 2012, it has become an important recurring event, securing a prominent place in Radzy\u0144&#8217;s cultural and social life.<\/p>\n<p style=\"text-align: left;\">Each edition of the series guarantees an engaging theme, a vivid story, and the chance to meet a remarkable traveler. It also offers an opportunity to gain extensive knowledge about distant, exotic, or mysterious places\u2014remote not only geographically but also culturally.<\/p>\n<p style=\"text-align: left;\">These travel stories are not only fascinating, sometimes spine-chilling or touching but also filled with humor. They are complemented by slide shows, souvenirs brought back from the far corners of the world, film screenings, photography exhibitions, workshops, and concerts.<\/p>\n<p><\/div><\/div>[vc_column_text][\/vc_column_text][vc_column_text]<\/p>\n\n\t\t\t<style type='text\/css'>\n\t\t\t\t#gallery-2 {\n\t\t\t\t\tmargin: auto;\n\t\t\t\t}\n\t\t\t\t#gallery-2 .gallery-item {\n\t\t\t\t\tfloat: left;\n\t\t\t\t\tmargin-top: 10px;\n\t\t\t\t\ttext-align: center;\n\t\t\t\t\twidth: 33%;\n\t\t\t\t}\n\t\t\t\t#gallery-2 img {\n\t\t\t\t\tborder: 2px solid #cfcfcf;\n\t\t\t\t}\n\t\t\t\t#gallery-2 .gallery-caption {\n\t\t\t\t\tmargin-left: 0;\n\t\t\t\t}\n\t\t\t\t\/* see gallery_shortcode() in wp-includes\/media.php *\/\n\t\t\t<\/style>\n\t\t<div id='gallery-2' class='dt-gallery-container gallery galleryid-17140 gallery-columns-3 gallery-size-thumbnail'><dl class='gallery-item'>\n\t\t\t\t<dt class='gallery-icon landscape'>\n\t\t\t\t\t<a class=\"rollover\" href='https:\/\/owczarskiartur.pl\/en\/prelekcje-na-zamowienie\/dsc_0992-2\/'><img loading=\"lazy\" decoding=\"async\" width=\"150\" height=\"150\" src=\"https:\/\/owczarskiartur.pl\/wp-content\/uploads\/2023\/03\/DSC_0992-150x150.jpg\" class=\"attachment-thumbnail size-thumbnail\" alt=\"\" \/><\/a>\n\t\t\t\t<\/dt><\/dl><dl class='gallery-item'>\n\t\t\t\t<dt class='gallery-icon portrait'>\n\t\t\t\t\t<a class=\"rollover\" href='https:\/\/owczarskiartur.pl\/en\/prelekcje-na-zamowienie\/dsc_1001-2\/'><img loading=\"lazy\" decoding=\"async\" width=\"150\" height=\"150\" src=\"https:\/\/owczarskiartur.pl\/wp-content\/uploads\/2023\/03\/DSC_1001-150x150.jpg\" class=\"attachment-thumbnail size-thumbnail\" alt=\"\" \/><\/a>\n\t\t\t\t<\/dt><\/dl><dl class='gallery-item'>\n\t\t\t\t<dt class='gallery-icon landscape'>\n\t\t\t\t\t<a class=\"rollover\" href='https:\/\/owczarskiartur.pl\/en\/prelekcje-na-zamowienie\/dsc_1017-2-2\/'><img loading=\"lazy\" decoding=\"async\" width=\"150\" height=\"150\" src=\"https:\/\/owczarskiartur.pl\/wp-content\/uploads\/2023\/03\/DSC_1017-1-150x150.jpg\" class=\"attachment-thumbnail size-thumbnail\" alt=\"\" \/><\/a>\n\t\t\t\t<\/dt><\/dl><br style=\"clear: both\" \/><dl class='gallery-item'>\n\t\t\t\t<dt class='gallery-icon landscape'>\n\t\t\t\t\t<a class=\"rollover\" href='https:\/\/owczarskiartur.pl\/en\/prelekcje-na-zamowienie\/dsc_1049-2\/'><img loading=\"lazy\" decoding=\"async\" width=\"150\" height=\"150\" src=\"https:\/\/owczarskiartur.pl\/wp-content\/uploads\/2023\/03\/DSC_1049-150x150.jpg\" class=\"attachment-thumbnail size-thumbnail\" alt=\"\" \/><\/a>\n\t\t\t\t<\/dt><\/dl><dl class='gallery-item'>\n\t\t\t\t<dt class='gallery-icon landscape'>\n\t\t\t\t\t<a class=\"rollover\" href='https:\/\/owczarskiartur.pl\/en\/prelekcje-na-zamowienie\/dsc_1044-2\/'><img loading=\"lazy\" decoding=\"async\" width=\"150\" height=\"150\" src=\"https:\/\/owczarskiartur.pl\/wp-content\/uploads\/2023\/03\/DSC_1044-150x150.jpg\" class=\"attachment-thumbnail size-thumbnail\" alt=\"\" \/><\/a>\n\t\t\t\t<\/dt><\/dl><dl class='gallery-item'>\n\t\t\t\t<dt class='gallery-icon landscape'>\n\t\t\t\t\t<a class=\"rollover\" href='https:\/\/owczarskiartur.pl\/en\/prelekcje-na-zamowienie\/dsc_1032-2\/'><img loading=\"lazy\" decoding=\"async\" width=\"150\" height=\"150\" src=\"https:\/\/owczarskiartur.pl\/wp-content\/uploads\/2023\/03\/DSC_1032-150x150.jpg\" class=\"attachment-thumbnail size-thumbnail\" alt=\"\" \/><\/a>\n\t\t\t\t<\/dt><\/dl><br style=\"clear: both\" \/><dl class='gallery-item'>\n\t\t\t\t<dt class='gallery-icon landscape'>\n\t\t\t\t\t<a class=\"rollover\" href='https:\/\/owczarskiartur.pl\/en\/prelekcje-na-zamowienie\/dsc_1027-2\/'><img loading=\"lazy\" decoding=\"async\" width=\"150\" height=\"150\" src=\"https:\/\/owczarskiartur.pl\/wp-content\/uploads\/2023\/03\/DSC_1027-150x150.jpg\" class=\"attachment-thumbnail size-thumbnail\" alt=\"\" \/><\/a>\n\t\t\t\t<\/dt><\/dl><dl class='gallery-item'>\n\t\t\t\t<dt class='gallery-icon landscape'>\n\t\t\t\t\t<a class=\"rollover\" href='https:\/\/owczarskiartur.pl\/en\/prelekcje-na-zamowienie\/dsc_1026-2\/'><img loading=\"lazy\" decoding=\"async\" width=\"150\" height=\"150\" src=\"https:\/\/owczarskiartur.pl\/wp-content\/uploads\/2023\/03\/DSC_1026-150x150.jpg\" class=\"attachment-thumbnail size-thumbnail\" alt=\"\" \/><\/a>\n\t\t\t\t<\/dt><\/dl><dl class='gallery-item'>\n\t\t\t\t<dt class='gallery-icon landscape'>\n\t\t\t\t\t<a class=\"rollover\" href='https:\/\/owczarskiartur.pl\/en\/prelekcje-na-zamowienie\/dsc_1017-3\/'><img loading=\"lazy\" decoding=\"async\" width=\"150\" height=\"150\" src=\"https:\/\/owczarskiartur.pl\/wp-content\/uploads\/2023\/03\/DSC_1017-150x150.jpg\" class=\"attachment-thumbnail size-thumbnail\" alt=\"\" \/><\/a>\n\t\t\t\t<\/dt><\/dl><br style=\"clear: both\" \/><dl class='gallery-item'>\n\t\t\t\t<dt class='gallery-icon landscape'>\n\t\t\t\t\t<a class=\"rollover\" href='https:\/\/owczarskiartur.pl\/en\/prelekcje-na-zamowienie\/dsc_0959-2\/'><img loading=\"lazy\" decoding=\"async\" width=\"150\" height=\"150\" src=\"https:\/\/owczarskiartur.pl\/wp-content\/uploads\/2023\/03\/DSC_0959-150x150.jpg\" class=\"attachment-thumbnail size-thumbnail\" alt=\"\" \/><\/a>\n\t\t\t\t<\/dt><\/dl>\n\t\t\t\t<br style='clear: both' \/>\n\t\t\t<\/div>\n\n<p>[\/vc_column_text][\/vc_column][\/vc_row][vc_row][vc_column]<div id=\"ultimate-heading-765569f23683a697f\" class=\"uvc-heading ult-adjust-bottom-margin ultimate-heading-765569f23683a697f uvc-8761  uvc-heading-default-font-sizes\" data-hspacer=\"no_spacer\"  data-halign=\"center\" style=\"text-align:center\"><div class=\"uvc-heading-spacer no_spacer\" style=\"top\"><\/div><div class=\"uvc-main-heading ult-responsive\"  data-ultimate-target='.uvc-heading.ultimate-heading-765569f23683a697f h2'  data-responsive-json-new='{\"font-size\":\"\",\"line-height\":\"\"}' ><h2 style=\"--font-weight:theme;\">Meeting with the Residents of Strzelce Opolskie<\/h2><\/div><div class=\"uvc-sub-heading ult-responsive\"  data-ultimate-target='.uvc-heading.ultimate-heading-765569f23683a697f .uvc-sub-heading '  data-responsive-json-new='{\"font-size\":\"\",\"line-height\":\"\"}'  style=\"font-weight:normal;\"><\/p>\n<p style=\"text-align: left;\"><strong>Strzelce Opolskie<\/strong> is a sister city to the town of Bandera in Texas. Families from the Strzelce Opolskie Municipality, specifically from the village of Rozmierz, founded this Texan town, which has held the title of the Cowboy Capital of the World since 2016.<\/p>\n<p style=\"text-align: left;\">Strzelce Opolskie is also one of the sponsors of the documentary <em>The Cowboy Capital<\/em>, which I am producing. Meeting with the residents and representatives of the city authorities provided an opportunity to share stories about Texas and to hear memories from some of the audience about their own travels to Bandera.<\/p>\n<p><\/div><\/div>[vc_column_text][\/vc_column_text][vc_column_text]<\/p>\n\n\t\t\t<style type='text\/css'>\n\t\t\t\t#gallery-3 {\n\t\t\t\t\tmargin: auto;\n\t\t\t\t}\n\t\t\t\t#gallery-3 .gallery-item {\n\t\t\t\t\tfloat: left;\n\t\t\t\t\tmargin-top: 10px;\n\t\t\t\t\ttext-align: center;\n\t\t\t\t\twidth: 33%;\n\t\t\t\t}\n\t\t\t\t#gallery-3 img {\n\t\t\t\t\tborder: 2px solid #cfcfcf;\n\t\t\t\t}\n\t\t\t\t#gallery-3 .gallery-caption {\n\t\t\t\t\tmargin-left: 0;\n\t\t\t\t}\n\t\t\t\t\/* see gallery_shortcode() in wp-includes\/media.php *\/\n\t\t\t<\/style>\n\t\t<div id='gallery-3' class='dt-gallery-container gallery galleryid-17140 gallery-columns-3 gallery-size-thumbnail'><dl class='gallery-item'>\n\t\t\t\t<dt class='gallery-icon landscape'>\n\t\t\t\t\t<a class=\"rollover\" href='https:\/\/owczarskiartur.pl\/en\/prelekcje-na-zamowienie\/img_0298-2\/'><img loading=\"lazy\" decoding=\"async\" width=\"150\" height=\"150\" src=\"https:\/\/owczarskiartur.pl\/wp-content\/uploads\/2023\/03\/IMG_0298-150x150.jpg\" class=\"attachment-thumbnail size-thumbnail\" alt=\"\" \/><\/a>\n\t\t\t\t<\/dt><\/dl><dl class='gallery-item'>\n\t\t\t\t<dt class='gallery-icon landscape'>\n\t\t\t\t\t<a class=\"rollover\" href='https:\/\/owczarskiartur.pl\/en\/prelekcje-na-zamowienie\/img_0289-2\/'><img loading=\"lazy\" decoding=\"async\" width=\"150\" height=\"150\" src=\"https:\/\/owczarskiartur.pl\/wp-content\/uploads\/2023\/03\/IMG_0289-150x150.jpg\" class=\"attachment-thumbnail size-thumbnail\" alt=\"\" \/><\/a>\n\t\t\t\t<\/dt><\/dl><dl class='gallery-item'>\n\t\t\t\t<dt class='gallery-icon portrait'>\n\t\t\t\t\t<a class=\"rollover\" href='https:\/\/owczarskiartur.pl\/en\/prelekcje-na-zamowienie\/80554d49-4e1c-4270-b221-0dc0a12f4006-2\/'><img loading=\"lazy\" decoding=\"async\" width=\"150\" height=\"150\" src=\"https:\/\/owczarskiartur.pl\/wp-content\/uploads\/2023\/03\/80554d49-4e1c-4270-b221-0dc0a12f4006-150x150.jpg\" class=\"attachment-thumbnail size-thumbnail\" alt=\"\" \/><\/a>\n\t\t\t\t<\/dt><\/dl><br style=\"clear: both\" \/><dl class='gallery-item'>\n\t\t\t\t<dt class='gallery-icon portrait'>\n\t\t\t\t\t<a class=\"rollover\" href='https:\/\/owczarskiartur.pl\/en\/prelekcje-na-zamowienie\/1c124eb5-f395-459c-b7b1-7ed6b9081ba1-2\/'><img loading=\"lazy\" decoding=\"async\" width=\"150\" height=\"150\" src=\"https:\/\/owczarskiartur.pl\/wp-content\/uploads\/2023\/03\/1c124eb5-f395-459c-b7b1-7ed6b9081ba1-150x150.jpg\" class=\"attachment-thumbnail size-thumbnail\" alt=\"\" \/><\/a>\n\t\t\t\t<\/dt><\/dl><dl class='gallery-item'>\n\t\t\t\t<dt class='gallery-icon landscape'>\n\t\t\t\t\t<a class=\"rollover\" href='https:\/\/owczarskiartur.pl\/en\/prelekcje-na-zamowienie\/img_0295-2\/'><img loading=\"lazy\" decoding=\"async\" width=\"150\" height=\"150\" src=\"https:\/\/owczarskiartur.pl\/wp-content\/uploads\/2023\/03\/IMG_0295-150x150.jpg\" class=\"attachment-thumbnail size-thumbnail\" alt=\"\" \/><\/a>\n\t\t\t\t<\/dt><\/dl><dl class='gallery-item'>\n\t\t\t\t<dt class='gallery-icon landscape'>\n\t\t\t\t\t<a class=\"rollover\" href='https:\/\/owczarskiartur.pl\/en\/prelekcje-na-zamowienie\/2098a24b-8579-41fd-9a67-157dd0856206-2\/'><img loading=\"lazy\" decoding=\"async\" width=\"150\" height=\"150\" src=\"https:\/\/owczarskiartur.pl\/wp-content\/uploads\/2023\/03\/2098a24b-8579-41fd-9a67-157dd0856206-150x150.jpg\" class=\"attachment-thumbnail size-thumbnail\" alt=\"\" \/><\/a>\n\t\t\t\t<\/dt><\/dl><br style=\"clear: both\" \/>\n\t\t\t<\/div>\n\n<p>[\/vc_column_text][\/vc_column][\/vc_row]<\/p>\n<\/div>","protected":false},"excerpt":{"rendered":"<p>[vc_row][vc_column][vc_column_text css=&#8221;&#8221;] I give travel presentations at major events, such as travel festivals, author meetings in libraries, and cultural centers. I enjoy sharing stories about Louisiana, Texas, Route 66, or more specific topics, such as the town of Bandera\u2014the Cowboy Capital of the World\u2014or the lives of hunters in the Louisiana swamps. I can prepare&hellip;<\/p>\n","protected":false},"author":1,"featured_media":0,"parent":0,"menu_order":0,"comment_status":"closed","ping_status":"closed","template":"","meta":{"om_disable_all_campaigns":false,"_monsterinsights_skip_tracking":false,"_monsterinsights_sitenote_active":false,"_monsterinsights_sitenote_note":"","_monsterinsights_sitenote_category":0,"footnotes":""},"class_list":["post-17140","page","type-page","status-publish","hentry","description-off"],"aioseo_notices":[],"_links":{"self":[{"href":"https:\/\/owczarskiartur.pl\/en\/wp-json\/wp\/v2\/pages\/17140","targetHints":{"allow":["GET"]}}],"collection":[{"href":"https:\/\/owczarskiartur.pl\/en\/wp-json\/wp\/v2\/pages"}],"about":[{"href":"https:\/\/owczarskiartur.pl\/en\/wp-json\/wp\/v2\/types\/page"}],"author":[{"embeddable":true,"href":"https:\/\/owczarskiartur.pl\/en\/wp-json\/wp\/v2\/users\/1"}],"replies":[{"embeddable":true,"href":"https:\/\/owczarskiartur.pl\/en\/wp-json\/wp\/v2\/comments?post=17140"}],"version-history":[{"count":13,"href":"https:\/\/owczarskiartur.pl\/en\/wp-json\/wp\/v2\/pages\/17140\/revisions"}],"predecessor-version":[{"id":17249,"href":"https:\/\/owczarskiartur.pl\/en\/wp-json\/wp\/v2\/pages\/17140\/revisions\/17249"}],"wp:attachment":[{"href":"https:\/\/owczarskiartur.pl\/en\/wp-json\/wp\/v2\/media?parent=17140"}],"curies":[{"name":"wp","href":"https:\/\/api.w.org\/{rel}","templated":true}]}}